{"id":3,"date":"2022-02-26T12:38:12","date_gmt":"2022-02-26T12:38:12","guid":{"rendered":"https:\/\/securitybeztabu.pl\/akademia\/?page_id=3"},"modified":"2023-06-19T09:45:41","modified_gmt":"2023-06-19T09:45:41","slug":"privacy-policy","status":"publish","type":"page","link":"https:\/\/securitybeztabu.pl\/akademia\/privacy-policy\/","title":{"rendered":"Polityka Prywatno\u015bci"},"content":{"rendered":"\n<p><strong>SecurityBezTabu.pl\/akademia<\/strong><\/p>\n\n\n\n<p><strong>Obowi\u0105zuje od: 18.03.2021<\/strong><\/p>\n\n\n\n<p><strong>\u00a71<\/strong><strong><\/strong><\/p>\n\n\n\n<p><strong>To\u017csamo\u015b\u0107 administratora danych<\/strong><\/p>\n\n\n\n<ol class=\"wp-block-list\">\n<li>Administratorem danych osobowych podawanych w trakcie korzystania ze Serwisu prowadzonego pod nazw\u0105 \u201eSecurity Bez Tabu, securitybeztabu.pl\u201d jest:<br>Security Bez Tabu Ciemski Wojciech , zarejestrowana pod adresem Gorzelnicza 8, 04-212 Warszawa, NIP: 9522112211, REGON: 368630032.<\/li>\n\n\n\n<li>Dane przetwarzane s\u0105 zgodnie z aktualnie obowi\u0105zuj\u0105cymi przepisami prawa; tj. Rozporz\u0105dzeniem Parlamentu Europejskiego i Rady UE 2016\/679 z 27 kwietnia 2016 r. w sprawie ochrony os\u00f3b fizycznych w zwi\u0105zku z przetwarzaniem danych osobowych i w sprawie swobodnego przep\u0142ywu takich danych oraz uchylenia dyrektywy 95\/46\/WE (dalej: RODO), ustaw\u0105 z dnia 10 maja 2018 r. o ochronie danych, a tak\u017ce ustaw\u0105 z 18 lipca 2002 r. o \u015bwiadczeniu us\u0142ug drog\u0105 elektroniczn\u0105.<\/li>\n<\/ol>\n\n\n\n<p><strong>\u00a72<\/strong><strong><\/strong><\/p>\n\n\n\n<p><strong>Stosowane definicje<\/strong><\/p>\n\n\n\n<ol class=\"wp-block-list\">\n<li>W niniejszej polityce stosuje si\u0119 nast\u0119puj\u0105ce definicje:<br>a) Serwis \u2013 serwis internetowy dost\u0119pny pod adresem securitybeztabu.pl za po\u015brednictwem kt\u00f3rego U\u017cytkownik mo\u017ce: przegl\u0105da\u0107 jego zawarto\u015b\u0107, kontaktowa\u0107 si\u0119 z administratorem danych poprzez formularz kontatkowy, zam\u00f3wi\u0107 informacje handlowe i marketingowe, um\u00f3wi\u0107 si\u0119 na konsultacj\u0119 lub wizyt\u0119.<br>b) Administrator danych osobowych \u2013 podmiot, kt\u00f3ry decyduje o celu i \u015brodkach przetwarzania danych, w niniejszej polityce rozumie si\u0119 przez to: Ciemski Wojciech IT Solutions, zarejestrowana pod adresem Gorzelnicza 8, 04-212 Warszawa<br>c) U\u017cytkownik \u2013 osoba fizyczna, kt\u00f3rej dane dotycz\u0105 i kt\u00f3ra korzysta z us\u0142ug dost\u0119pnych w Serwisie\/Sklepie..<br>d) Dane osobowe \u2013 wszelkie informacje, kt\u00f3re bez nadmiernego czasu i kosztu mog\u0105 doprowadzi\u0107 do identyfikacji osoby fizycznej, w tym jej dane identyfikacyjne, adresowe i kontaktowe.<\/li>\n<\/ol>\n\n\n\n<p><strong>\u00a73<\/strong><strong><\/strong><\/p>\n\n\n\n<p><strong>Cele przetwarzania danych<\/strong><\/p>\n\n\n\n<ol class=\"wp-block-list\">\n<li>Administrator danych osobowych przetwarza dane osobowe w nast\u0119puj\u0105cych celach:<br>a) udzielenia odpowiedzi na zadane pytanie poprzez formularz kontaktowy lub za po\u015brednictwem danych teleadresowych dost\u0119pnych na stronie Serwisu,<br>b) marketingu w\u0142asnych produkt\u00f3w i us\u0142ug administratora danych drog\u0105 tradycyjn\u0105,<br>c) wys\u0142ania informacji handlowych i marketingowych administratora danych na adres e-mail podany przez U\u017cytkownika w trakcie zapisu na newsletter, za zgod\u0105 osoby, kt\u00f3rej dane dotycz\u0105,<br>d) dochodzenia praw i roszcze\u0144 przez administratora danych lub osob\u0119, kt\u00f3rej dane dotycz\u0105.<\/li>\n\n\n\n<li>Podanie danych jest niezb\u0119dne dla realizacji zam\u00f3wienia, wystawienia dokumentu sprzeda\u017cy, dochodzenia roszcze\u0144, a tak\u017ce udzielenia odpowiedzi na pytania.<\/li>\n\n\n\n<li>Podanie pozosta\u0142ych danych jest dobrowolne.<\/li>\n\n\n\n<li>Brak podania wymaganych danych uniemo\u017cliwia realizacj\u0119 us\u0142ug, w tym zam\u00f3wienia i kontaktu.<\/li>\n<\/ol>\n\n\n\n<p><strong>\u00a74<\/strong><strong><\/strong><\/p>\n\n\n\n<p><strong>Sposoby pozyskiwania danych<\/strong><\/p>\n\n\n\n<ol class=\"wp-block-list\">\n<li>Dane osobowe U\u017cytkownika gromadzone s\u0105 bezpo\u015brednio od os\u00f3b, kt\u00f3rych dane dotycz\u0105, tj. poprzez:<br>a) wype\u0142nienie formularza z danymi kontaktowymi podczas sk\u0142adania zapytania przez formularz na stronie,<br>b) wype\u0142nienie formularza zapisu na newsletter,<br>c) bezpo\u015bredni kontakt z administratorem danych za pomoc\u0105 danych teleadresowych dost\u0119pnych na stronie.<\/li>\n<\/ol>\n\n\n\n<p><strong>\u00a75<\/strong><strong><\/strong><\/p>\n\n\n\n<p><strong>Zakres przetwarzanych danych<\/strong><\/p>\n\n\n\n<ol class=\"wp-block-list\">\n<li>Zakres przetwarzanych danych osobowych zosta\u0142 ograniczony do minimum niezb\u0119dnego do \u015bwiadczenia us\u0142ug w zakresie:<br>a) z\u0142o\u017cenia zapytania przez formularz kontaktowy lub za pomoc\u0105 danych teleadresowych dost\u0119pnych na stronie: adres e-mail numer telefonu, adres poczty elektronicznej, imi\u0119.<br>b) dokonania zapisu na newsletter: imi\u0119, adres e-mail.<\/li>\n<\/ol>\n\n\n\n<p><strong>\u00a76<\/strong><strong><\/strong><\/p>\n\n\n\n<p><strong>Okres przetwarzania danych<\/strong><\/p>\n\n\n\n<ol class=\"wp-block-list\">\n<li>Dane osobowe s\u0105 przetwarzane przez okres niezb\u0119dny do realizacji celu, dla kt\u00f3rego zosta\u0142y zebrane, tj.:<br>a) przez okres niezb\u0119dny do udzielenia odpowiedzi na pytanie zadane przez formularz kontaktowy lub drog\u0105 telefoniczn\u0105,<br>b) do czasu odwo\u0142ania zgody, je\u015bli przetwarzanie danych opiera si\u0119 na zgodzie osoby, kt\u00f3rej dane dotycz\u0105.<\/li>\n<\/ol>\n\n\n\n<p><strong>\u00a77<\/strong><strong><\/strong><\/p>\n\n\n\n<p><strong>Odbiorcy danych<\/strong><\/p>\n\n\n\n<ol class=\"wp-block-list\">\n<li>Dane osobowe U\u017cytkownika mog\u0105 zosta\u0107 powierzone innym podmiotom w celu wykonania us\u0142ug na zlecenie administratora danych, w szczeg\u00f3lno\u015bci podmiotom w zakresie:<br>a. hostingu strony www,<br>b. serwisu i utrzymania system\u00f3w informatycznych, w kt\u00f3rych dane s\u0105 przetwarzane, w tym w celu automatyzacji newslettera, etc.<\/li>\n\n\n\n<li>Dane osobowe U\u017cytkownika s\u0105 przekazywane do:<br>Active Campaigne \u2013 w celu korzystania z systemu mailingowego, w kt\u00f3rym przetwarzane s\u0105 Twoje dane, je\u017celi zapiszesz si\u0119 do newslettera.<\/li>\n<\/ol>\n\n\n\n<p><strong>\u00a78<\/strong><strong><\/strong><\/p>\n\n\n\n<p><strong>Prawa os\u00f3b, kt\u00f3rych dane dotycz\u0105<\/strong><\/p>\n\n\n\n<ol class=\"wp-block-list\">\n<li>Osobie, kt\u00f3rej dane dotycz\u0105 przys\u0142uguje:<br>a) prawo dost\u0119pu do tre\u015bci danych i ich sprostowania,<br>b) prawo do usuni\u0119cia danych, o ile nie obowi\u0105zuj\u0105 inne przepisy prawa, kt\u00f3re zobowi\u0105zuj\u0105 administratora danych do archiwizacji danych przez okre\u015blony czas,<br>c) prawo do przenoszenia danych, o ile podstaw\u0105 przetwarzania danych jest umowa lub zgoda osoby, kt\u00f3rej dane dotycz\u0105, a przetwarzanie danych odbywa si\u0119 w spos\u00f3b automatyczny,<br>d) prawo do wniesienia sprzeciwu na przetwarzanie danych w celach marketingu bezpo\u015bredniego, realizowanego przez administratora danych w ramach usprawiedliwionego interesu prawnego, a tak\u017ce ograniczenia przetwarzania,<br>e) prawo do niepodlegania automatycznemu profilowaniu, je\u015bli administrator danych podejmowa\u0142by decyzje opieraj\u0105ce si\u0119 wy\u0142\u0105cznie na automatycznym profilowaniu i nios\u0105ce ze sob\u0105 skutki prawne dla osoby, kt\u00f3rej dane dotycz\u0105 lub podobnie na ni\u0105 wp\u0142ywa\u0142y,<br>f) prawo do kontroli przetwarzania danych i informacji na temat tego, kto jest administratorem danych, a tak\u017ce uzyskania informacji o celu, zakresie i sposobie przetwarzania danych, tre\u015bci tych danych, \u017ar\u00f3dle danych, a tak\u017ce sposobie udost\u0119pniania, w tym o odbiorcach lub kategoriach odbiorc\u00f3w danych,<br>g) prawo do cofni\u0119cia zgody w dowolnym momencie, je\u015bli podstaw\u0105 przetwarzania danych by\u0142a zgoda osoby, kt\u00f3rej dane dotycz\u0105. Odwo\u0142anie zgody nie wp\u0142ywa na zgodno\u015b\u0107 z prawem przetwarzania dokonanego na jej podstawie, przed jej cofni\u0119ciem,<br>h) prawo do wniesienia skargi do Prezesa Urz\u0119du Ochrony Danych Osobowych (PUODO), je\u015bli osoba uzna, \u017ce przetwarzanie jej danych jest niezgodne z aktualnie obowi\u0105zuj\u0105cymi przepisami w tym zakresie.<\/li>\n\n\n\n<li>W celu realizacji prawa do kontroli danych, dost\u0119pu do tre\u015bci danych, ich poprawiania, a tak\u017ce innych praw, nale\u017cy skontaktowa\u0107 si\u0119 z administratorem danych.<\/li>\n<\/ol>\n\n\n\n<p><strong>\u00a79<\/strong><strong><\/strong><\/p>\n\n\n\n<p><strong>Postanowienia ko\u0144cowe<\/strong><\/p>\n\n\n\n<ol class=\"wp-block-list\">\n<li>Administrator danych zastrzega mo\u017cliwo\u015b\u0107 zmiany niniejszej polityki prywatno\u015bci, szczeg\u00f3lnie w sytuacji, gdy b\u0119d\u0105 tego wymaga\u0142y zastosowane rozwi\u0105zania techniczne, zmiany przepis\u00f3w prawa w zakresie prywatno\u015bci os\u00f3b, kt\u00f3rych dane dotycz\u0105 lub inne, istotne zmiany wp\u0142ywaj\u0105ce na tre\u015b\u0107 informacji przekazywanej U\u017cytkownikom.<\/li>\n\n\n\n<li>W przypadku zmiany obowi\u0105zuj\u0105cej polityki prywatno\u015bci, wprowadzone zostan\u0105 odpowiednie modyfikacje do powy\u017cszego zapisu, kt\u00f3re b\u0119d\u0105 obowi\u0105zywa\u0142y od dnia ich opublikowania na stronie Serwisu.<\/li>\n<\/ol>\n","protected":false},"excerpt":{"rendered":"<p>SecurityBezTabu.pl\/akademia Obowi\u0105zuje od: 18.03.2021 \u00a71 To\u017csamo\u015b\u0107 administratora danych \u00a72 Stosowane definicje \u00a73 Cele przetwarzania danych \u00a74 Sposoby pozyskiwania danych \u00a75 Zakres przetwarzanych danych \u00a76 Okres przetwarzania danych \u00a77 Odbiorcy danych \u00a78 Prawa os\u00f3b, kt\u00f3rych dane dotycz\u0105 \u00a79 Postanowienia ko\u0144cowe<\/p>\n","protected":false},"author":1,"featured_media":0,"parent":0,"menu_order":0,"comment_status":"closed","ping_status":"open","template":"","meta":{"_kadence_starter_templates_imported_post":false,"_kad_post_transparent":"","_kad_post_title":"","_kad_post_layout":"","_kad_post_sidebar_id":"","_kad_post_content_style":"","_kad_post_vertical_padding":"","_kad_post_feature":"","_kad_post_feature_position":"","_kad_post_header":false,"_kad_post_footer":false,"_kad_post_classname":"","footnotes":""},"class_list":["post-3","page","type-page","status-publish","hentry"],"_links":{"self":[{"href":"https:\/\/securitybeztabu.pl\/akademia\/wp-json\/wp\/v2\/pages\/3","targetHints":{"allow":["GET"]}}],"collection":[{"href":"https:\/\/securitybeztabu.pl\/akademia\/wp-json\/wp\/v2\/pages"}],"about":[{"href":"https:\/\/securitybeztabu.pl\/akademia\/wp-json\/wp\/v2\/types\/page"}],"author":[{"embeddable":true,"href":"https:\/\/securitybeztabu.pl\/akademia\/wp-json\/wp\/v2\/users\/1"}],"replies":[{"embeddable":true,"href":"https:\/\/securitybeztabu.pl\/akademia\/wp-json\/wp\/v2\/comments?post=3"}],"version-history":[{"count":1,"href":"https:\/\/securitybeztabu.pl\/akademia\/wp-json\/wp\/v2\/pages\/3\/revisions"}],"predecessor-version":[{"id":4674,"href":"https:\/\/securitybeztabu.pl\/akademia\/wp-json\/wp\/v2\/pages\/3\/revisions\/4674"}],"wp:attachment":[{"href":"https:\/\/securitybeztabu.pl\/akademia\/wp-json\/wp\/v2\/media?parent=3"}],"curies":[{"name":"wp","href":"https:\/\/api.w.org\/{rel}","templated":true}]}}