{"id":12990,"date":"2025-07-16T21:00:41","date_gmt":"2025-07-16T21:00:41","guid":{"rendered":"https:\/\/securitybeztabu.pl\/akademia\/produkt\/ethical-hacker-masterclass\/"},"modified":"2025-08-17T14:54:29","modified_gmt":"2025-08-17T14:54:29","slug":"ethical-hacker-masterclass","status":"publish","type":"product","link":"https:\/\/securitybeztabu.pl\/akademia\/produkt\/ethical-hacker-masterclass\/","title":{"rendered":"Ethical Hacker Masterclass"},"content":{"rendered":"<blockquote>\n<p data-start=\"298\" data-end=\"407\"><strong data-start=\"298\" data-end=\"407\">Nieoficjalne przygotowanie do CEH Master v13 \u2013 kurs praktyczny z laboratoriami, egzaminami i mentoringiem<\/strong><\/p>\n<\/blockquote>\n<p data-start=\"429\" data-end=\"669\"><strong data-start=\"429\" data-end=\"459\">Ethical Hacker Masterclass<\/strong> to intensywny i kompleksowy kurs przygotowuj\u0105cy do egzamin\u00f3w <strong data-start=\"521\" data-end=\"555\">Certified Ethical Hacker (CEH)<\/strong> oraz <strong data-start=\"561\" data-end=\"578\">CEH Practical<\/strong> w wersji <strong data-start=\"588\" data-end=\"595\">v13<\/strong>, kt\u00f3rych zdanie uprawnia do uzyskania presti\u017cowego tytu\u0142u <strong data-start=\"654\" data-end=\"668\">CEH Master<\/strong>.<\/p>\n<p data-start=\"671\" data-end=\"1067\">CEH to jeden z <strong data-start=\"686\" data-end=\"769\">najbardziej rozpoznawalnych, po\u017c\u0105danych i najcz\u0119\u015bciej wymienianych certyfikat\u00f3w<\/strong> w og\u0142oszeniach o prac\u0119 z zakresu cyberbezpiecze\u0144stwa. Potwierdza nie tylko znajomo\u015b\u0107 technik ataku i obrony, ale tak\u017ce zrozumienie sposobu my\u015blenia atakuj\u0105cego. W\u0142a\u015bnie ten spos\u00f3b my\u015blenia \u2013 ofensywny, kreatywny, niestandardowy \u2013 staje si\u0119 dzi\u015b nieodzownym elementem skutecznej ochrony informacji.<\/p>\n<p data-start=\"1069\" data-end=\"1386\">Kurs opiera si\u0119 na przekonaniu, \u017ce <strong data-start=\"1104\" data-end=\"1189\">aby skutecznie chroni\u0107 systemy, trzeba zrozumie\u0107, jak my\u015bl\u0105 i dzia\u0142aj\u0105 napastnicy<\/strong>. Uczestnik poznaje nie tylko narz\u0119dzia, ale tak\u017ce logik\u0119, scenariusze dzia\u0142ania oraz rzeczywiste przypadki, kt\u00f3re pomagaj\u0105 lepiej przygotowa\u0107 si\u0119 do roli specjalisty ds. bezpiecze\u0144stwa informacji.<\/p>\n<p data-start=\"1388\" data-end=\"1609\">Tre\u015b\u0107 kursu zosta\u0142a ju\u017c <strong data-start=\"1412\" data-end=\"1454\">doceniona w \u015brodowisku mi\u0119dzynarodowym<\/strong>, pomagaj\u0105c uczestnikom zda\u0107 zar\u00f3wno cz\u0119\u015b\u0107 teoretyczn\u0105, jak i praktyczn\u0105 egzaminu CEH. Z dum\u0105 udost\u0119pniamy ten sprawdzony program w wersji polskoj\u0119zycznej.<\/p>\n<h2 data-start=\"1616\" data-end=\"1636\">Zakres tematyczny<\/h2>\n<ul data-start=\"1638\" data-end=\"2068\">\n<li data-start=\"1638\" data-end=\"1688\">\n<p data-start=\"1640\" data-end=\"1688\">Rekonesans, footprinting, skanowanie, enumeracja<\/p>\n<\/li>\n<li data-start=\"1689\" data-end=\"1746\">\n<p data-start=\"1691\" data-end=\"1746\">Ataki na systemy operacyjne, aplikacje webowe i mobilne<\/p>\n<\/li>\n<li data-start=\"1747\" data-end=\"1807\">\n<p data-start=\"1749\" data-end=\"1807\">Eksploatacja podatno\u015bci, privilege escalation, persistence<\/p>\n<\/li>\n<li data-start=\"1808\" data-end=\"1866\">\n<p data-start=\"1810\" data-end=\"1866\">Sniffing, analiza pakiet\u00f3w, ataki typu Man-in-the-Middle<\/p>\n<\/li>\n<li data-start=\"1867\" data-end=\"1922\">\n<p data-start=\"1869\" data-end=\"1922\">Malware, steganografia, podstawy in\u017cynierii odwrotnej<\/p>\n<\/li>\n<li data-start=\"1923\" data-end=\"1976\">\n<p data-start=\"1925\" data-end=\"1976\">Bezpiecze\u0144stwo sieci WiFi oraz \u015brodowisk chmurowych<\/p>\n<\/li>\n<li data-start=\"1977\" data-end=\"2068\">\n<p data-start=\"1979\" data-end=\"2068\">Wprowadzenie do narz\u0119dzi: Nmap, Metasploit, Burp Suite, Wireshark, Hydra, John the Ripper<\/p>\n<\/li>\n<\/ul>\n<h2 data-start=\"2075\" data-end=\"2093\">Co zawiera kurs<\/h2>\n<ul data-start=\"2095\" data-end=\"2508\">\n<li data-start=\"2095\" data-end=\"2149\">\n<p data-start=\"2097\" data-end=\"2149\">16+ modu\u0142\u00f3w tematycznych (materia\u0142y tekstowe i wideo)<\/p>\n<\/li>\n<li data-start=\"2150\" data-end=\"2219\">\n<p data-start=\"2152\" data-end=\"2219\">4 zaawansowane maszyny egzaminacyjne z realistycznymi podatno\u015bciami<\/p>\n<\/li>\n<li data-start=\"2220\" data-end=\"2272\">\n<p data-start=\"2222\" data-end=\"2272\">4 egzaminy pr\u00f3bne w formacie CEH (z odpowiedziami)<\/p>\n<\/li>\n<li data-start=\"2273\" data-end=\"2331\">\n<p data-start=\"2275\" data-end=\"2331\">Checklisty, poradniki PDF, szablony i zadania praktyczne<\/p>\n<\/li>\n<li data-start=\"2383\" data-end=\"2447\">\n<p data-start=\"2385\" data-end=\"2447\">Regularne sesje grupowe i mentoringowe (bez dodatkowych op\u0142at)<\/p>\n<\/li>\n<li data-start=\"2448\" data-end=\"2508\">\n<p data-start=\"2450\" data-end=\"2508\">Certyfikat uko\u0144czenia<\/p>\n<\/li>\n<\/ul>\n<h2 data-start=\"2515\" data-end=\"2542\">Dlaczego ten kurs dzia\u0142a<\/h2>\n<ul data-start=\"2544\" data-end=\"3045\">\n<li data-start=\"2544\" data-end=\"2633\">\n<p data-start=\"2546\" data-end=\"2633\"><strong data-start=\"2546\" data-end=\"2580\">Zorientowany na realny egzamin<\/strong> \u2013 zar\u00f3wno w zakresie teoretycznym, jak i praktycznym<\/p>\n<\/li>\n<li data-start=\"2634\" data-end=\"2744\">\n<p data-start=\"2636\" data-end=\"2744\"><strong data-start=\"2636\" data-end=\"2670\">Podej\u015bcie &#8222;my\u015bl jak atakuj\u0105cy&#8221;<\/strong> \u2013 skupiamy si\u0119 nie tylko na narz\u0119dziach, ale i sposobie dzia\u0142ania haker\u00f3w<\/p>\n<\/li>\n<li data-start=\"2745\" data-end=\"2869\">\n<p data-start=\"2747\" data-end=\"2869\"><strong data-start=\"2747\" data-end=\"2788\">Mi\u0119dzynarodowo sprawdzona skuteczno\u015b\u0107<\/strong> \u2013 uczestnicy na ca\u0142ym \u015bwiecie zdali z tym programem egzaminy CEH i CEH Practical<\/p>\n<\/li>\n<li data-start=\"2870\" data-end=\"2948\">\n<p data-start=\"2872\" data-end=\"2948\"><strong data-start=\"2872\" data-end=\"2896\">Bez ukrytych koszt\u00f3w<\/strong> \u2013 mentoring i sesje Q&amp;A s\u0105 integraln\u0105 cz\u0119\u015bci\u0105 kursu<\/p>\n<\/li>\n<li data-start=\"2949\" data-end=\"3045\">\n<p data-start=\"2951\" data-end=\"3045\"><strong data-start=\"2951\" data-end=\"2973\">Nacisk na praktyk\u0119<\/strong> \u2013 laboratoria, egzaminy pr\u00f3bne i aktywna nauka w \u015brodowisku symulowanym<\/p>\n<\/li>\n<\/ul>\n<h2 data-start=\"3052\" data-end=\"3077\">Dla kogo jest ten kurs<\/h2>\n<ul data-start=\"3079\" data-end=\"3443\">\n<li data-start=\"3079\" data-end=\"3133\">\n<p data-start=\"3081\" data-end=\"3133\">Kandydaci do egzamin\u00f3w <strong data-start=\"3104\" data-end=\"3133\">CEH i CEH Practical (v13)<\/strong><\/p>\n<\/li>\n<li data-start=\"3134\" data-end=\"3183\">\n<p data-start=\"3136\" data-end=\"3183\">Osoby d\u0105\u017c\u0105ce do uzyskania tytu\u0142u <strong data-start=\"3169\" data-end=\"3183\">CEH Master<\/strong><\/p>\n<\/li>\n<li data-start=\"3184\" data-end=\"3246\">\n<p data-start=\"3186\" data-end=\"3246\">Pocz\u0105tkuj\u0105cy pentesterzy i specjali\u015bci ds. bezpiecze\u0144stwa IT<\/p>\n<\/li>\n<li data-start=\"3247\" data-end=\"3333\">\n<p data-start=\"3249\" data-end=\"3333\">Studenci kierunk\u00f3w technicznych i osoby przebran\u017cawiaj\u0105ce si\u0119 do cyberbezpiecze\u0144stwa<\/p>\n<\/li>\n<li data-start=\"3334\" data-end=\"3443\">\n<p data-start=\"3336\" data-end=\"3443\">Praktycy szukaj\u0105cy szkole\u0144 typu &#8222;hands-on&#8221;, nastawionych na efektywne przygotowanie do pracy i certyfikacji<\/p>\n<\/li>\n<\/ul>\n<h2 data-start=\"3450\" data-end=\"3465\">Zastrze\u017cenie<\/h2>\n<p data-start=\"3467\" data-end=\"3828\">\u201eCertified Ethical Hacker\u201d, \u201eCEH\u201d i \u201eCEH Master\u201d s\u0105 zarejestrowanymi znakami towarowymi EC-Council. Kurs ten <strong data-start=\"3576\" data-end=\"3644\">nie jest licencjonowany, zatwierdzony ani powi\u0105zany z EC-Council<\/strong>. Stanowi niezale\u017cn\u0105 inicjatyw\u0119 edukacyjn\u0105, stworzon\u0105 z my\u015bl\u0105 o skutecznym przygotowaniu do egzamin\u00f3w CEH v13 na podstawie praktyki, do\u015bwiadczenia i aktualnych wymaga\u0144 egzaminacyjnych.<\/p>\n","protected":false},"excerpt":{"rendered":"<p>Nieoficjalne przygotowanie do CEH Master v13 \u2013 kurs praktyczny z laboratoriami, egzaminami i mentoringiem Ethical Hacker Masterclass to intensywny i kompleksowy kurs przygotowuj\u0105cy do egzamin\u00f3w Certified Ethical Hacker (CEH) oraz CEH Practical w wersji v13, kt\u00f3rych zdanie uprawnia do uzyskania presti\u017cowego tytu\u0142u CEH Master. CEH to jeden z najbardziej rozpoznawalnych, po\u017c\u0105danych i najcz\u0119\u015bciej wymienianych certyfikat\u00f3w&#8230;<\/p>\n","protected":false},"featured_media":12989,"template":"","meta":{"_kadence_starter_templates_imported_post":false,"_kad_post_transparent":"default","_kad_post_title":"","_kad_post_layout":"default","_kad_post_sidebar_id":"","_kad_post_content_style":"default","_kad_post_vertical_padding":"default","_kad_post_feature":"","_kad_post_feature_position":"","_kad_post_header":false,"_kad_post_footer":false,"_kad_post_classname":""},"product_brand":[],"product_cat":[48,24],"product_tag":[],"class_list":{"0":"post-12990","1":"product","2":"type-product","3":"status-publish","4":"has-post-thumbnail","6":"product_cat-masterclass","7":"product_cat-szkolenia","9":"first","10":"instock","11":"sale","12":"virtual","13":"sold-individually","14":"taxable","15":"purchasable","16":"product-type-simple","17":"entry","18":"content-bg","19":"loop-entry"},"_links":{"self":[{"href":"https:\/\/securitybeztabu.pl\/akademia\/wp-json\/wp\/v2\/product\/12990","targetHints":{"allow":["GET"]}}],"collection":[{"href":"https:\/\/securitybeztabu.pl\/akademia\/wp-json\/wp\/v2\/product"}],"about":[{"href":"https:\/\/securitybeztabu.pl\/akademia\/wp-json\/wp\/v2\/types\/product"}],"wp:featuredmedia":[{"embeddable":true,"href":"https:\/\/securitybeztabu.pl\/akademia\/wp-json\/wp\/v2\/media\/12989"}],"wp:attachment":[{"href":"https:\/\/securitybeztabu.pl\/akademia\/wp-json\/wp\/v2\/media?parent=12990"}],"wp:term":[{"taxonomy":"product_brand","embeddable":true,"href":"https:\/\/securitybeztabu.pl\/akademia\/wp-json\/wp\/v2\/product_brand?post=12990"},{"taxonomy":"product_cat","embeddable":true,"href":"https:\/\/securitybeztabu.pl\/akademia\/wp-json\/wp\/v2\/product_cat?post=12990"},{"taxonomy":"product_tag","embeddable":true,"href":"https:\/\/securitybeztabu.pl\/akademia\/wp-json\/wp\/v2\/product_tag?post=12990"}],"curies":[{"name":"wp","href":"https:\/\/api.w.org\/{rel}","templated":true}]}}