{"id":23228,"date":"2025-09-30T20:24:59","date_gmt":"2025-09-30T20:24:59","guid":{"rendered":"https:\/\/securitybeztabu.pl\/akademia\/?post_type=product&#038;p=23228"},"modified":"2026-03-23T07:32:36","modified_gmt":"2026-03-23T07:32:36","slug":"wszystkie-obowiazkowe-dokumenty-oparte-na-nis2","status":"publish","type":"product","link":"https:\/\/securitybeztabu.pl\/akademia\/produkt\/wszystkie-obowiazkowe-dokumenty-oparte-na-nis2\/","title":{"rendered":"Wszystkie obowi\u0105zkowe dokumenty oparte na NIS2"},"content":{"rendered":"<h2>Warto\u015b\u0107 realna pakietu &#8211; 1997PLN<\/h2>\n<p data-start=\"426\" data-end=\"637\">Pakiet <strong data-start=\"433\" data-end=\"485\">\u201eWszystkie obowi\u0105zkowe dokumenty oparte na NIS2\u201d<\/strong> to kompletny zestaw szablon\u00f3w, kt\u00f3re pomog\u0105 Twojej organizacji spe\u0142ni\u0107 wymagania dyrektywy NIS2 w zakresie cyberbezpiecze\u0144stwa i ci\u0105g\u0142o\u015bci dzia\u0142ania.<\/p>\n<p data-start=\"639\" data-end=\"883\">Dokumenty zosta\u0142y przygotowane tak, aby stanowi\u0142y <strong data-start=\"689\" data-end=\"705\">gotowe wzory<\/strong> do wdro\u017cenia i dostosowania w firmie \u2013 od polityk bezpiecze\u0144stwa, przez procedury reagowania na incydenty, a\u017c po plany ci\u0105g\u0142o\u015bci dzia\u0142ania i raportowania powa\u017cnych incydent\u00f3w.<\/p>\n<p data-start=\"885\" data-end=\"938\">\ud83d\udca1 <strong data-start=\"888\" data-end=\"936\">Mniej ni\u017c 7 PLN za szablon w obecnej cenie!<\/strong><\/p>\n<hr data-start=\"1027\" data-end=\"1030\" \/>\n<h2 data-start=\"945\" data-end=\"968\">Co zawiera pakiet?<\/h2>\n<p data-start=\"970\" data-end=\"1047\">Pakiet obejmuje wszystkie <strong data-start=\"996\" data-end=\"1037\">niezb\u0119dne polityki, procedury i plany<\/strong>, w tym:<\/p>\n<ol data-start=\"1049\" data-end=\"3946\">\n<li data-start=\"1049\" data-end=\"1082\">\n<p data-start=\"1051\" data-end=\"1082\">Akceptacja ryzyk rezydualnych<\/p>\n<\/li>\n<li data-start=\"1083\" data-end=\"1112\">\n<p data-start=\"1085\" data-end=\"1112\">Polityka kontroli dost\u0119pu<\/p>\n<\/li>\n<li data-start=\"1113\" data-end=\"1173\">\n<p data-start=\"1115\" data-end=\"1173\">Plan odtworzenia dzia\u0142alno\u015bci (dla wskazanej aktywno\u015bci)<\/p>\n<\/li>\n<li data-start=\"1174\" data-end=\"1239\">\n<p data-start=\"1176\" data-end=\"1239\">Strategia odtworzenia dzia\u0142alno\u015bci (dla wskazanej aktywno\u015bci)<\/p>\n<\/li>\n<li data-start=\"1240\" data-end=\"1278\">\n<p data-start=\"1242\" data-end=\"1278\">Roczny program audytu wewn\u0119trznego<\/p>\n<\/li>\n<li data-start=\"1279\" data-end=\"1313\">\n<p data-start=\"1281\" data-end=\"1313\">Procedura zarz\u0105dzania aktywami<\/p>\n<\/li>\n<li data-start=\"1314\" data-end=\"1343\">\n<p data-start=\"1316\" data-end=\"1343\">Polityka uwierzytelniania<\/p>\n<\/li>\n<li data-start=\"1344\" data-end=\"1383\">\n<p data-start=\"1346\" data-end=\"1383\">Polityka tworzenia kopii zapasowych<\/p>\n<\/li>\n<li data-start=\"1384\" data-end=\"1443\">\n<p data-start=\"1386\" data-end=\"1443\">Polityka dotycz\u0105ca urz\u0105dze\u0144 w\u0142asnych pracownik\u00f3w (BYOD)<\/p>\n<\/li>\n<li data-start=\"1444\" data-end=\"1472\">\n<p data-start=\"1446\" data-end=\"1472\">Plan ci\u0105g\u0142o\u015bci dzia\u0142ania<\/p>\n<\/li>\n<li data-start=\"1473\" data-end=\"1505\">\n<p data-start=\"1475\" data-end=\"1505\">Polityka ci\u0105g\u0142o\u015bci dzia\u0142ania<\/p>\n<\/li>\n<li data-start=\"1506\" data-end=\"1539\">\n<p data-start=\"1508\" data-end=\"1539\">Strategia ci\u0105g\u0142o\u015bci dzia\u0142ania<\/p>\n<\/li>\n<li data-start=\"1540\" data-end=\"1586\">\n<p data-start=\"1542\" data-end=\"1586\">Metodologia analizy wp\u0142ywu na biznes (BIA)<\/p>\n<\/li>\n<li data-start=\"1587\" data-end=\"1636\">\n<p data-start=\"1589\" data-end=\"1636\">Kwestionariusz analizy wp\u0142ywu na biznes (BIA)<\/p>\n<\/li>\n<li data-start=\"1637\" data-end=\"1668\">\n<p data-start=\"1639\" data-end=\"1668\">Polityka zarz\u0105dzania zmian\u0105<\/p>\n<\/li>\n<li data-start=\"1669\" data-end=\"1706\">\n<p data-start=\"1671\" data-end=\"1706\">Polityka czystego biurka i ekranu<\/p>\n<\/li>\n<li data-start=\"1707\" data-end=\"1735\">\n<p data-start=\"1709\" data-end=\"1735\">O\u015bwiadczenie o poufno\u015bci<\/p>\n<\/li>\n<li data-start=\"1736\" data-end=\"1770\">\n<p data-start=\"1738\" data-end=\"1770\">Formularz dzia\u0142a\u0144 koryguj\u0105cych<\/p>\n<\/li>\n<li data-start=\"1771\" data-end=\"1803\">\n<p data-start=\"1773\" data-end=\"1803\">Plan zarz\u0105dzania kryzysowego<\/p>\n<\/li>\n<li data-start=\"1804\" data-end=\"1864\">\n<p data-start=\"1806\" data-end=\"1864\">Plan odtwarzania po katastrofie (Disaster Recovery Plan)<\/p>\n<\/li>\n<li data-start=\"1865\" data-end=\"1921\">\n<p data-start=\"1867\" data-end=\"1921\">Polityka utylizacji i niszczenia informacji\/no\u015bnik\u00f3w<\/p>\n<\/li>\n<li data-start=\"1922\" data-end=\"1984\">\n<p data-start=\"1924\" data-end=\"1984\">Przyk\u0142ady scenariuszy incydent\u00f3w zak\u0142\u00f3caj\u0105cych dzia\u0142alno\u015b\u0107<\/p>\n<\/li>\n<li data-start=\"1985\" data-end=\"2010\">\n<p data-start=\"1987\" data-end=\"2010\">Plan test\u00f3w i \u0107wicze\u0144<\/p>\n<\/li>\n<li data-start=\"2011\" data-end=\"2040\">\n<p data-start=\"2013\" data-end=\"2040\">Raport z test\u00f3w i \u0107wicze\u0144<\/p>\n<\/li>\n<li data-start=\"2041\" data-end=\"2063\">\n<p data-start=\"2043\" data-end=\"2063\">Rejestr incydent\u00f3w<\/p>\n<\/li>\n<li data-start=\"2064\" data-end=\"2101\">\n<p data-start=\"2066\" data-end=\"2101\">Procedura zarz\u0105dzania incydentami<\/p>\n<\/li>\n<li data-start=\"2102\" data-end=\"2134\">\n<p data-start=\"2104\" data-end=\"2134\">Plan reagowania na incydenty<\/p>\n<\/li>\n<li data-start=\"2135\" data-end=\"2171\">\n<p data-start=\"2137\" data-end=\"2171\">Polityka klasyfikacji informacji<\/p>\n<\/li>\n<li data-start=\"2172\" data-end=\"2205\">\n<p data-start=\"2174\" data-end=\"2205\">Polityka transferu informacji<\/p>\n<\/li>\n<li data-start=\"2206\" data-end=\"2232\">\n<p data-start=\"2208\" data-end=\"2232\">Plan szkole\u0144 wst\u0119pnych<\/p>\n<\/li>\n<li data-start=\"2233\" data-end=\"2272\">\n<p data-start=\"2235\" data-end=\"2272\">Lista kontrolna audytu wewn\u0119trznego<\/p>\n<\/li>\n<li data-start=\"2273\" data-end=\"2306\">\n<p data-start=\"2275\" data-end=\"2306\">Procedura audytu wewn\u0119trznego<\/p>\n<\/li>\n<li data-start=\"2307\" data-end=\"2339\">\n<p data-start=\"2309\" data-end=\"2339\">Raport z audytu wewn\u0119trznego<\/p>\n<\/li>\n<li data-start=\"2340\" data-end=\"2362\">\n<p data-start=\"2342\" data-end=\"2362\">Rejestr aktyw\u00f3w IT<\/p>\n<\/li>\n<li data-start=\"2363\" data-end=\"2393\">\n<p data-start=\"2365\" data-end=\"2393\">Polityka bezpiecze\u0144stwa IT<\/p>\n<\/li>\n<li data-start=\"2394\" data-end=\"2424\">\n<p data-start=\"2396\" data-end=\"2424\">Lista kluczowych kontakt\u00f3w<\/p>\n<\/li>\n<li data-start=\"2425\" data-end=\"2466\">\n<p data-start=\"2427\" data-end=\"2466\">Lista lokalizacji ci\u0105g\u0142o\u015bci dzia\u0142ania<\/p>\n<\/li>\n<li data-start=\"2467\" data-end=\"2503\">\n<p data-start=\"2469\" data-end=\"2503\">Protok\u00f3\u0142 z przegl\u0105du zarz\u0105dzania<\/p>\n<\/li>\n<li data-start=\"2504\" data-end=\"2553\">\n<p data-start=\"2506\" data-end=\"2553\">Metodologia pomiar\u00f3w (efektywno\u015bci\/zgodno\u015bci)<\/p>\n<\/li>\n<li data-start=\"2554\" data-end=\"2575\">\n<p data-start=\"2556\" data-end=\"2575\">Raport z pomiar\u00f3w<\/p>\n<\/li>\n<li data-start=\"2576\" data-end=\"2633\">\n<p data-start=\"2578\" data-end=\"2633\">Polityka dotycz\u0105ca urz\u0105dze\u0144 mobilnych i pracy zdalnej<\/p>\n<\/li>\n<li data-start=\"2634\" data-end=\"2652\">\n<p data-start=\"2636\" data-end=\"2652\">Polityka hase\u0142<\/p>\n<\/li>\n<li data-start=\"2653\" data-end=\"2705\">\n<p data-start=\"2655\" data-end=\"2705\">Polityka bezpiecze\u0144stwa system\u00f3w informatycznych<\/p>\n<\/li>\n<li data-start=\"2706\" data-end=\"2741\">\n<p data-start=\"2708\" data-end=\"2741\">Polityka stosowania szyfrowania<\/p>\n<\/li>\n<li data-start=\"2742\" data-end=\"2788\">\n<p data-start=\"2744\" data-end=\"2788\">Formularz przegl\u0105du incydentu po zdarzeniu<\/p>\n<\/li>\n<li data-start=\"2789\" data-end=\"2831\">\n<p data-start=\"2791\" data-end=\"2831\">Plan przygotowania ci\u0105g\u0142o\u015bci dzia\u0142ania<\/p>\n<\/li>\n<li data-start=\"2832\" data-end=\"2866\">\n<p data-start=\"2834\" data-end=\"2866\">Procedura dzia\u0142a\u0144 koryguj\u0105cych<\/p>\n<\/li>\n<li data-start=\"2867\" data-end=\"2902\">\n<p data-start=\"2869\" data-end=\"2902\">Procedura przegl\u0105du zarz\u0105dzania<\/p>\n<\/li>\n<li data-start=\"2903\" data-end=\"2947\">\n<p data-start=\"2905\" data-end=\"2947\">Procedury pracy w bezpiecznych obszarach<\/p>\n<\/li>\n<li data-start=\"2948\" data-end=\"2983\">\n<p data-start=\"2950\" data-end=\"2983\">Decyzja o uruchomieniu projektu<\/p>\n<\/li>\n<li data-start=\"2984\" data-end=\"3001\">\n<p data-start=\"2986\" data-end=\"3001\">Plan projektu<\/p>\n<\/li>\n<li data-start=\"3002\" data-end=\"3056\">\n<p data-start=\"3004\" data-end=\"3056\">Cele RTO (Recovery Time Objectives) dla aktywno\u015bci<\/p>\n<\/li>\n<li data-start=\"3057\" data-end=\"3101\">\n<p data-start=\"3059\" data-end=\"3101\">Raport z oceny i post\u0119powania z ryzykiem<\/p>\n<\/li>\n<li data-start=\"3102\" data-end=\"3130\">\n<p data-start=\"3104\" data-end=\"3130\">Metodologia oceny ryzyka<\/p>\n<\/li>\n<li data-start=\"3131\" data-end=\"3154\">\n<p data-start=\"3133\" data-end=\"3154\">Tabela oceny ryzyka<\/p>\n<\/li>\n<li data-start=\"3155\" data-end=\"3187\">\n<p data-start=\"3157\" data-end=\"3187\">Plan post\u0119powania z ryzykiem<\/p>\n<\/li>\n<li data-start=\"3188\" data-end=\"3222\">\n<p data-start=\"3190\" data-end=\"3222\">Tabela post\u0119powania z ryzykiem<\/p>\n<\/li>\n<li data-start=\"3223\" data-end=\"3259\">\n<p data-start=\"3225\" data-end=\"3259\">Polityka bezpiecznej komunikacji<\/p>\n<\/li>\n<li data-start=\"3260\" data-end=\"3293\">\n<p data-start=\"3262\" data-end=\"3293\">Polityka bezpiecznego rozwoju<\/p>\n<\/li>\n<li data-start=\"3294\" data-end=\"3347\">\n<p data-start=\"3296\" data-end=\"3347\">Klauzule bezpiecze\u0144stwa dla dostawc\u00f3w i partner\u00f3w<\/p>\n<\/li>\n<li data-start=\"3348\" data-end=\"3392\">\n<p data-start=\"3350\" data-end=\"3392\">Polityka bezpiecze\u0144stwa zasob\u00f3w ludzkich<\/p>\n<\/li>\n<li data-start=\"3393\" data-end=\"3435\">\n<p data-start=\"3395\" data-end=\"3435\">Procedury bezpiecze\u0144stwa dla dzia\u0142u IT<\/p>\n<\/li>\n<li data-start=\"3436\" data-end=\"3481\">\n<p data-start=\"3438\" data-end=\"3481\">Wczesne ostrze\u017cenie o powa\u017cnym incydencie<\/p>\n<\/li>\n<li data-start=\"3482\" data-end=\"3522\">\n<p data-start=\"3484\" data-end=\"3522\">Raport ko\u0144cowy z powa\u017cnego incydentu<\/p>\n<\/li>\n<li data-start=\"3523\" data-end=\"3564\">\n<p data-start=\"3525\" data-end=\"3564\">Raport po\u015bredni z powa\u017cnego incydentu<\/p>\n<\/li>\n<li data-start=\"3565\" data-end=\"3599\">\n<p data-start=\"3567\" data-end=\"3599\">Zg\u0142oszenie powa\u017cnego incydentu<\/p>\n<\/li>\n<li data-start=\"3600\" data-end=\"3654\">\n<p data-start=\"3602\" data-end=\"3654\">Zg\u0142oszenie powa\u017cnego incydentu dla odbiorc\u00f3w us\u0142ug<\/p>\n<\/li>\n<li data-start=\"3655\" data-end=\"3695\">\n<p data-start=\"3657\" data-end=\"3695\">Raport post\u0119pu z powa\u017cnego incydentu<\/p>\n<\/li>\n<li data-start=\"3696\" data-end=\"3748\">\n<p data-start=\"3698\" data-end=\"3748\">Specyfikacja wymaga\u0144 dla systemu informatycznego<\/p>\n<\/li>\n<li data-start=\"3749\" data-end=\"3809\">\n<p data-start=\"3751\" data-end=\"3809\">O\u015bwiadczenie o akceptacji dokument\u00f3w cyberbezpiecze\u0144stwa<\/p>\n<\/li>\n<li data-start=\"3810\" data-end=\"3847\">\n<p data-start=\"3812\" data-end=\"3847\">Polityka bezpiecze\u0144stwa dostawc\u00f3w<\/p>\n<\/li>\n<li data-start=\"3848\" data-end=\"3890\">\n<p data-start=\"3850\" data-end=\"3890\">Plan szkole\u0144 i podnoszenia \u015bwiadomo\u015bci<\/p>\n<\/li>\n<li data-start=\"3891\" data-end=\"3946\">\n<p data-start=\"3893\" data-end=\"3946\">Plan transportu (dla ci\u0105g\u0142o\u015bci dzia\u0142ania\/logistyki)<\/p>\n<\/li>\n<\/ol>\n<hr data-start=\"3948\" data-end=\"3951\" \/>\n<h2 data-start=\"3953\" data-end=\"3973\">Dlaczego warto?<\/h2>\n<p data-start=\"3975\" data-end=\"4315\">\u2714\ufe0f Kompletny zestaw dokument\u00f3w zgodnych z wymaganiami NIS2<br data-start=\"4033\" data-end=\"4036\" \/>\u2714\ufe0f Wzory gotowe do wdro\u017cenia i dostosowania w organizacji<br data-start=\"4093\" data-end=\"4096\" \/>\u2714\ufe0f Realne wsparcie w spe\u0142nieniu wymaga\u0144 regulacyjnych i audytowych<br data-start=\"4162\" data-end=\"4165\" \/>\u2714\ufe0f Uporz\u0105dkowanie proces\u00f3w zarz\u0105dzania ryzykiem, incydentami i ci\u0105g\u0142o\u015bci\u0105 dzia\u0142ania<br data-start=\"4248\" data-end=\"4251\" \/>\u2714\ufe0f Oszcz\u0119dno\u015b\u0107 czasu i koszt\u00f3w \u2013 dokumentacja gotowa \u201eod r\u0119ki\u201d<\/p>\n<hr data-start=\"4317\" data-end=\"4320\" \/>\n<p data-start=\"4322\" data-end=\"4470\">\ud83d\udccc <strong data-start=\"4325\" data-end=\"4468\">Do pakietu zostanie dostarczona instrukcja wdro\u017cenia proces\u00f3w oraz dedykowane filmy wyja\u015bniaj\u0105ce, jak ka\u017cdy dokument zastosowa\u0107 w praktyce.<\/strong><\/p>\n","protected":false},"excerpt":{"rendered":"<p>Warto\u015b\u0107 realna pakietu &#8211; 1997PLN Pakiet \u201eWszystkie obowi\u0105zkowe dokumenty oparte na NIS2\u201d to kompletny zestaw szablon\u00f3w, kt\u00f3re pomog\u0105 Twojej organizacji spe\u0142ni\u0107 wymagania dyrektywy NIS2 w zakresie cyberbezpiecze\u0144stwa i ci\u0105g\u0142o\u015bci dzia\u0142ania. Dokumenty zosta\u0142y przygotowane tak, aby stanowi\u0142y gotowe wzory do wdro\u017cenia i dostosowania w firmie \u2013 od polityk bezpiecze\u0144stwa, przez procedury reagowania na incydenty, a\u017c po&#8230;<\/p>\n","protected":false},"featured_media":23961,"template":"","meta":{"_kadence_starter_templates_imported_post":false,"_kad_post_transparent":"default","_kad_post_title":"","_kad_post_layout":"default","_kad_post_sidebar_id":"","_kad_post_content_style":"default","_kad_post_vertical_padding":"default","_kad_post_feature":"","_kad_post_feature_position":"","_kad_post_header":false,"_kad_post_footer":false,"_kad_post_classname":""},"product_brand":[],"product_cat":[16],"product_tag":[],"class_list":{"0":"post-23228","1":"product","2":"type-product","3":"status-publish","4":"has-post-thumbnail","6":"product_cat-bez-kategorii","8":"first","9":"instock","10":"virtual","11":"sold-individually","12":"taxable","13":"purchasable","14":"product-type-simple","15":"entry","16":"content-bg","17":"loop-entry"},"_links":{"self":[{"href":"https:\/\/securitybeztabu.pl\/akademia\/wp-json\/wp\/v2\/product\/23228","targetHints":{"allow":["GET"]}}],"collection":[{"href":"https:\/\/securitybeztabu.pl\/akademia\/wp-json\/wp\/v2\/product"}],"about":[{"href":"https:\/\/securitybeztabu.pl\/akademia\/wp-json\/wp\/v2\/types\/product"}],"wp:featuredmedia":[{"embeddable":true,"href":"https:\/\/securitybeztabu.pl\/akademia\/wp-json\/wp\/v2\/media\/23961"}],"wp:attachment":[{"href":"https:\/\/securitybeztabu.pl\/akademia\/wp-json\/wp\/v2\/media?parent=23228"}],"wp:term":[{"taxonomy":"product_brand","embeddable":true,"href":"https:\/\/securitybeztabu.pl\/akademia\/wp-json\/wp\/v2\/product_brand?post=23228"},{"taxonomy":"product_cat","embeddable":true,"href":"https:\/\/securitybeztabu.pl\/akademia\/wp-json\/wp\/v2\/product_cat?post=23228"},{"taxonomy":"product_tag","embeddable":true,"href":"https:\/\/securitybeztabu.pl\/akademia\/wp-json\/wp\/v2\/product_tag?post=23228"}],"curies":[{"name":"wp","href":"https:\/\/api.w.org\/{rel}","templated":true}]}}