{"id":2874,"date":"2022-03-08T18:50:57","date_gmt":"2022-03-08T18:50:57","guid":{"rendered":"https:\/\/securitybeztabu.pl\/akademia\/?post_type=product&#038;p=2874"},"modified":"2024-04-25T21:10:23","modified_gmt":"2024-04-25T21:10:23","slug":"konsultacje","status":"publish","type":"product","link":"https:\/\/securitybeztabu.pl\/akademia\/produkt\/konsultacje\/","title":{"rendered":"Konsultacja"},"content":{"rendered":"<p>Konsultacje przeprowadzi sam Wojciech Ciemski. Konsultacja ma wymiar online i trwa do 60min.<\/p>\n<p>Niewykorzystany czas mo\u017cna wykorzysta\u0107 w ci\u0105gu 30 dni.<\/p>\n<p>Konsultacja poprzedzona opisem potrzeb klienta. Ankieta w celu rozpoznania potrzeb nie wliczana jest w czas trwania konsultacji.<\/p>\n<p>&nbsp;<\/p>\n","protected":false},"excerpt":{"rendered":"<p>Konsultacje przeprowadzi sam Wojciech Ciemski. Konsultacja ma wymiar online i trwa do 60min. Niewykorzystany czas mo\u017cna wykorzysta\u0107 w ci\u0105gu 30 dni. Konsultacja poprzedzona opisem potrzeb klienta. Ankieta w celu rozpoznania potrzeb nie wliczana jest w czas trwania konsultacji. &nbsp;<\/p>\n","protected":false},"featured_media":6616,"template":"","meta":{"_kadence_starter_templates_imported_post":false,"_kad_post_transparent":"default","_kad_post_title":"","_kad_post_layout":"default","_kad_post_sidebar_id":"","_kad_post_content_style":"default","_kad_post_vertical_padding":"default","_kad_post_feature":"","_kad_post_feature_position":"","_kad_post_header":false,"_kad_post_footer":false,"_kad_post_classname":""},"product_brand":[],"product_cat":[16],"product_tag":[],"class_list":{"0":"post-2874","1":"product","2":"type-product","3":"status-publish","4":"has-post-thumbnail","6":"product_cat-bez-kategorii","8":"first","9":"instock","10":"virtual","11":"taxable","12":"purchasable","13":"product-type-simple","14":"entry","15":"content-bg","16":"loop-entry"},"_links":{"self":[{"href":"https:\/\/securitybeztabu.pl\/akademia\/wp-json\/wp\/v2\/product\/2874","targetHints":{"allow":["GET"]}}],"collection":[{"href":"https:\/\/securitybeztabu.pl\/akademia\/wp-json\/wp\/v2\/product"}],"about":[{"href":"https:\/\/securitybeztabu.pl\/akademia\/wp-json\/wp\/v2\/types\/product"}],"wp:featuredmedia":[{"embeddable":true,"href":"https:\/\/securitybeztabu.pl\/akademia\/wp-json\/wp\/v2\/media\/6616"}],"wp:attachment":[{"href":"https:\/\/securitybeztabu.pl\/akademia\/wp-json\/wp\/v2\/media?parent=2874"}],"wp:term":[{"taxonomy":"product_brand","embeddable":true,"href":"https:\/\/securitybeztabu.pl\/akademia\/wp-json\/wp\/v2\/product_brand?post=2874"},{"taxonomy":"product_cat","embeddable":true,"href":"https:\/\/securitybeztabu.pl\/akademia\/wp-json\/wp\/v2\/product_cat?post=2874"},{"taxonomy":"product_tag","embeddable":true,"href":"https:\/\/securitybeztabu.pl\/akademia\/wp-json\/wp\/v2\/product_tag?post=2874"}],"curies":[{"name":"wp","href":"https:\/\/api.w.org\/{rel}","templated":true}]}}