{"id":2950,"date":"2022-04-04T22:42:55","date_gmt":"2022-04-04T22:42:55","guid":{"rendered":"https:\/\/securitybeztabu.pl\/akademia\/?post_type=product&#038;p=2950"},"modified":"2025-12-02T20:13:09","modified_gmt":"2025-12-02T20:13:09","slug":"one-pass-rozwin-sie-ze-mna","status":"publish","type":"product","link":"https:\/\/securitybeztabu.pl\/akademia\/produkt\/one-pass-rozwin-sie-ze-mna\/","title":{"rendered":"One Pass Rozwi\u0144 Si\u0119 Ze Mn\u0105"},"content":{"rendered":"<p>Kupuj\u0105c ten produkt otrzymujesz DO\u017bYWOTNIO dost\u0119p do WSZYSTKICH moich kurs\u00f3w obecnie i przysz\u0142ych. Cena tego pakietu b\u0119dzie z czasem rosn\u0105\u0107. Uwierz, \u017ce plany mam wielkie wi\u0119c warto. \ud83d\ude42<\/p>\n","protected":false},"excerpt":{"rendered":"<p>Kupuj\u0105c ten produkt otrzymujesz DO\u017bYWOTNIO dost\u0119p do WSZYSTKICH moich kurs\u00f3w obecnie i przysz\u0142ych. Cena tego pakietu b\u0119dzie z czasem rosn\u0105\u0107. Uwierz, \u017ce plany mam wielkie wi\u0119c warto. \ud83d\ude42<\/p>\n","protected":false},"featured_media":7055,"template":"","meta":{"_kadence_starter_templates_imported_post":false,"_kad_post_transparent":"default","_kad_post_title":"","_kad_post_layout":"default","_kad_post_sidebar_id":"","_kad_post_content_style":"default","_kad_post_vertical_padding":"default","_kad_post_feature":"","_kad_post_feature_position":"","_kad_post_header":false,"_kad_post_footer":false,"_kad_post_classname":""},"product_brand":[],"product_cat":[24],"product_tag":[],"class_list":{"0":"post-2950","1":"product","2":"type-product","3":"status-publish","4":"has-post-thumbnail","6":"product_cat-szkolenia","8":"first","9":"instock","10":"sale","11":"virtual","12":"sold-individually","13":"taxable","14":"purchasable","15":"product-type-simple","16":"entry","17":"content-bg","18":"loop-entry"},"_links":{"self":[{"href":"https:\/\/securitybeztabu.pl\/akademia\/wp-json\/wp\/v2\/product\/2950","targetHints":{"allow":["GET"]}}],"collection":[{"href":"https:\/\/securitybeztabu.pl\/akademia\/wp-json\/wp\/v2\/product"}],"about":[{"href":"https:\/\/securitybeztabu.pl\/akademia\/wp-json\/wp\/v2\/types\/product"}],"wp:featuredmedia":[{"embeddable":true,"href":"https:\/\/securitybeztabu.pl\/akademia\/wp-json\/wp\/v2\/media\/7055"}],"wp:attachment":[{"href":"https:\/\/securitybeztabu.pl\/akademia\/wp-json\/wp\/v2\/media?parent=2950"}],"wp:term":[{"taxonomy":"product_brand","embeddable":true,"href":"https:\/\/securitybeztabu.pl\/akademia\/wp-json\/wp\/v2\/product_brand?post=2950"},{"taxonomy":"product_cat","embeddable":true,"href":"https:\/\/securitybeztabu.pl\/akademia\/wp-json\/wp\/v2\/product_cat?post=2950"},{"taxonomy":"product_tag","embeddable":true,"href":"https:\/\/securitybeztabu.pl\/akademia\/wp-json\/wp\/v2\/product_tag?post=2950"}],"curies":[{"name":"wp","href":"https:\/\/api.w.org\/{rel}","templated":true}]}}